{"id":107,"date":"2022-04-01T16:32:26","date_gmt":"2022-04-01T14:32:26","guid":{"rendered":"http:\/\/arnaud-sylla.com\/?page_id=107"},"modified":"2024-08-01T14:37:34","modified_gmt":"2024-08-01T12:37:34","slug":"lassociation-hebe","status":"publish","type":"page","link":"https:\/\/arnaud-sylla.com\/?page_id=107","title":{"rendered":"L&#8217;association H\u00e9b\u00e9"},"content":{"rendered":"<div class=\"wp-block-image\">\n<figure class=\"alignleft size-full is-resized\"><img fetchpriority=\"high\" decoding=\"async\" width=\"457\" height=\"236\" src=\"https:\/\/arnaud-sylla.com\/wp-content\/uploads\/2024\/08\/logo-hebe1.png\" alt=\"\" class=\"wp-image-368\" style=\"width:339px;height:auto\" srcset=\"https:\/\/arnaud-sylla.com\/wp-content\/uploads\/2024\/08\/logo-hebe1.png 457w, https:\/\/arnaud-sylla.com\/wp-content\/uploads\/2024\/08\/logo-hebe1-300x155.png 300w\" sizes=\"(max-width: 457px) 100vw, 457px\" \/><\/figure><\/div>\n\n\n<p>Du nom de la d\u00e9esse grecque de la jeunesse et de la vitalit\u00e9 des jeunes, H\u00e9b\u00e9 a pour objet de s\u2018interroger sur \u2013 et \u00e0 partir du \u2013 processus de l\u2018adolescence. Nous consid\u00e9rons cet \u00e2ge de la vie comme un paradigme d\u2019analyse f\u00e9cond sur les ressorts du lien social.<\/p>\n\n\n\n<p>En ce sens H\u00e9b\u00e9 s\u2019appui sur la psychanalyse comme approche th\u00e9orique, ce en lien avec diff\u00e9rentes sciences affines \u00e0 cette discipline.<\/p>\n\n\n\n<p>R\u00e9unissant des professionnels de diff\u00e9rents champs d\u2019intervention, nous sommes engag\u00e9s dans plusieurs projets aupr\u00e8s d\u2019institutions sur notre territoire. Fort de notre collectif, nous souhaitons favoriser cette id\u00e9e forte qu\u2019est la culture comme objet de soin.<\/p>\n\n\n\n<p>Ainsi H\u00e9b\u00e9 s\u2019adresse aussi bien aux enfants et adolescents ainsi qu\u2019\u00e0 leurs parents, professionnels, accompagnants, soignants et tout adulte quel qu\u2019il soit. Sachant que tous furent aussi des enfants puis des adolescents.<\/p>\n\n\n\n<p>Plusieurs axes d&#8217;interventions sont d\u00e9velopp\u00e9s autour: <strong> <\/strong><\/p>\n\n\n\n<p><strong>D&#8217;\u00e9v\u00e9nements scientifiques<\/strong><\/p>\n\n\n\n<p><em>depuis plus de dix ans nous organisons colloques, journ\u00e9es d\u2019\u00e9tudes et conf\u00e9rences \u00e0 destination de tous&nbsp; publi<\/em>cs.<\/p>\n\n\n\n<p><strong>De la recherche clinique<\/strong><\/p>\n\n\n\n<p><em>\u00e0 partir de probl\u00e9matiques li\u00e9es aux adolescences contemporaines et leurs institutions, en passant par l\u2019actualit\u00e9 de la psychopathologie, jusqu\u2019au lien social et la culture<\/em>.<\/p>\n\n\n\n<p><strong>De formations continues<\/strong><\/p>\n\n\n\n<p><em>\u00e0 partir de la clinique, adapt\u00e9es aux demandes sp\u00e9cifiques et r\u00e9invent\u00e9es en fonction des probl\u00e9matiques, s\u2019appuyant sur notre r\u00e9seaux de professionnels.<\/em><\/p>\n\n\n\n<p>C&#8217;est \u00e0 partir de ces trois axes que nous soutenons de nombreux projets dans notre r\u00e9gion. A ce titre nous intervenons r\u00e9guli\u00e8rement pour:<\/p>\n\n\n\n<blockquote class=\"wp-block-quote is-layout-flow wp-block-quote-is-layout-flow\">\n<p><strong><em>Animer&nbsp;<\/em>des conf\u00e9rences \u00e0 destination de tous publics<\/strong>,<\/p>\n<\/blockquote>\n\n\n\n<blockquote class=\"wp-block-quote is-layout-flow wp-block-quote-is-layout-flow\">\n<p><strong><em>Soutenir&nbsp;<\/em>des \u00e9quipes de professionnels via l\u2019analyse de la pratique et la formation continue,<\/strong><\/p>\n<\/blockquote>\n\n\n\n<blockquote class=\"wp-block-quote is-layout-flow wp-block-quote-is-layout-flow\">\n<p><strong><em>Accompagner&nbsp;<\/em>des projets de pr\u00e9vention en nous inspirant de l\u2019\u00e9ducation populaire<\/strong>,<\/p>\n<\/blockquote>\n\n\n\n<blockquote class=\"wp-block-quote is-layout-flow wp-block-quote-is-layout-flow\">\n<p><strong><em>D\u00e9velopper&nbsp;<\/em>des projets d\u2019accueil et de prise en charge th\u00e9rapeutiques innovants.<\/strong><\/p>\n<\/blockquote>\n\n\n\n<p>N\u2019h\u00e9sitez pas \u00e0 nous contacter:<\/p>\n\n\n\n<p>association H\u00e9b\u00e9, 88 rue du Rempart 37000 Tours<\/p>\n\n\n\n<p>asso.hebe37@gmail.com<\/p>\n\n\n\n<p><\/p>\n","protected":false},"excerpt":{"rendered":"<p>Du nom de la d\u00e9esse grecque de la jeunesse et de la vitalit\u00e9 des jeunes, H\u00e9b\u00e9 a pour objet de s\u2018interroger sur \u2013 et \u00e0 partir du \u2013 processus de l\u2018adolescence. Nous consid\u00e9rons cet \u00e2ge de la vie comme un paradigme d\u2019analyse f\u00e9cond sur les ressorts du lien social. En ce sens H\u00e9b\u00e9 s\u2019appui sur &hellip; <a href=\"https:\/\/arnaud-sylla.com\/?page_id=107\" class=\"more-link\">Continue reading <span class=\"screen-reader-text\">L&#8217;association H\u00e9b\u00e9<\/span><\/a><\/p>\n","protected":false},"author":2,"featured_media":0,"parent":0,"menu_order":0,"comment_status":"closed","ping_status":"closed","template":"","meta":{"footnotes":""},"class_list":["post-107","page","type-page","status-publish","hentry"],"yoast_head":"<!-- This site is optimized with the Yoast SEO plugin v26.2 - https:\/\/yoast.com\/wordpress\/plugins\/seo\/ -->\n<title>L&#039;association H\u00e9b\u00e9 -<\/title>\n<meta name=\"robots\" content=\"index, follow, max-snippet:-1, max-image-preview:large, max-video-preview:-1\" \/>\n<link rel=\"canonical\" href=\"https:\/\/arnaud-sylla.com\/?page_id=107\" \/>\n<meta property=\"og:locale\" content=\"en_US\" \/>\n<meta property=\"og:type\" content=\"article\" \/>\n<meta property=\"og:title\" content=\"L&#039;association H\u00e9b\u00e9 -\" \/>\n<meta property=\"og:description\" content=\"Du nom de la d\u00e9esse grecque de la jeunesse et de la vitalit\u00e9 des jeunes, H\u00e9b\u00e9 a pour objet de s\u2018interroger sur \u2013 et \u00e0 partir du \u2013 processus de l\u2018adolescence. Nous consid\u00e9rons cet \u00e2ge de la vie comme un paradigme d\u2019analyse f\u00e9cond sur les ressorts du lien social. En ce sens H\u00e9b\u00e9 s\u2019appui sur &hellip; Continue reading L&#8217;association H\u00e9b\u00e9\" \/>\n<meta property=\"og:url\" content=\"https:\/\/arnaud-sylla.com\/?page_id=107\" \/>\n<meta property=\"article:publisher\" content=\"https:\/\/www.facebook.com\/arno.sylla\/\" \/>\n<meta property=\"article:modified_time\" content=\"2024-08-01T12:37:34+00:00\" \/>\n<meta property=\"og:image\" content=\"https:\/\/arnaud-sylla.com\/wp-content\/uploads\/2024\/08\/logo-hebe1.png\" \/>\n<meta name=\"twitter:card\" content=\"summary_large_image\" \/>\n<meta name=\"twitter:site\" content=\"@ArnoSylla\" \/>\n<meta name=\"twitter:label1\" content=\"Est. reading time\" \/>\n\t<meta name=\"twitter:data1\" content=\"2 minutes\" \/>\n<script type=\"application\/ld+json\" class=\"yoast-schema-graph\">{\"@context\":\"https:\/\/schema.org\",\"@graph\":[{\"@type\":\"WebPage\",\"@id\":\"https:\/\/arnaud-sylla.com\/?page_id=107\",\"url\":\"https:\/\/arnaud-sylla.com\/?page_id=107\",\"name\":\"L'association H\u00e9b\u00e9 -\",\"isPartOf\":{\"@id\":\"https:\/\/arnaud-sylla.com\/#website\"},\"primaryImageOfPage\":{\"@id\":\"https:\/\/arnaud-sylla.com\/?page_id=107#primaryimage\"},\"image\":{\"@id\":\"https:\/\/arnaud-sylla.com\/?page_id=107#primaryimage\"},\"thumbnailUrl\":\"https:\/\/arnaud-sylla.com\/wp-content\/uploads\/2024\/08\/logo-hebe1.png\",\"datePublished\":\"2022-04-01T14:32:26+00:00\",\"dateModified\":\"2024-08-01T12:37:34+00:00\",\"breadcrumb\":{\"@id\":\"https:\/\/arnaud-sylla.com\/?page_id=107#breadcrumb\"},\"inLanguage\":\"en-US\",\"potentialAction\":[{\"@type\":\"ReadAction\",\"target\":[\"https:\/\/arnaud-sylla.com\/?page_id=107\"]}]},{\"@type\":\"ImageObject\",\"inLanguage\":\"en-US\",\"@id\":\"https:\/\/arnaud-sylla.com\/?page_id=107#primaryimage\",\"url\":\"https:\/\/arnaud-sylla.com\/wp-content\/uploads\/2024\/08\/logo-hebe1.png\",\"contentUrl\":\"https:\/\/arnaud-sylla.com\/wp-content\/uploads\/2024\/08\/logo-hebe1.png\",\"width\":457,\"height\":236},{\"@type\":\"BreadcrumbList\",\"@id\":\"https:\/\/arnaud-sylla.com\/?page_id=107#breadcrumb\",\"itemListElement\":[{\"@type\":\"ListItem\",\"position\":1,\"name\":\"Accueil\",\"item\":\"https:\/\/arnaud-sylla.com\/\"},{\"@type\":\"ListItem\",\"position\":2,\"name\":\"L&#8217;association H\u00e9b\u00e9\"}]},{\"@type\":\"WebSite\",\"@id\":\"https:\/\/arnaud-sylla.com\/#website\",\"url\":\"https:\/\/arnaud-sylla.com\/\",\"name\":\"\",\"description\":\"Psychologue clinicien\",\"publisher\":{\"@id\":\"https:\/\/arnaud-sylla.com\/#\/schema\/person\/691bc7726bc49f4bc25224be6a84d77a\"},\"potentialAction\":[{\"@type\":\"SearchAction\",\"target\":{\"@type\":\"EntryPoint\",\"urlTemplate\":\"https:\/\/arnaud-sylla.com\/?s={search_term_string}\"},\"query-input\":{\"@type\":\"PropertyValueSpecification\",\"valueRequired\":true,\"valueName\":\"search_term_string\"}}],\"inLanguage\":\"en-US\"},{\"@type\":[\"Person\",\"Organization\"],\"@id\":\"https:\/\/arnaud-sylla.com\/#\/schema\/person\/691bc7726bc49f4bc25224be6a84d77a\",\"name\":\"Arnaud Sylla\",\"image\":{\"@type\":\"ImageObject\",\"inLanguage\":\"en-US\",\"@id\":\"https:\/\/arnaud-sylla.com\/#\/schema\/person\/image\/\",\"url\":\"https:\/\/arnaud-sylla.com\/wp-content\/uploads\/2022\/04\/a-sylla.png\",\"contentUrl\":\"https:\/\/arnaud-sylla.com\/wp-content\/uploads\/2022\/04\/a-sylla.png\",\"width\":898,\"height\":441,\"caption\":\"Arnaud Sylla\"},\"logo\":{\"@id\":\"https:\/\/arnaud-sylla.com\/#\/schema\/person\/image\/\"},\"sameAs\":[\"http:\/\/www.arnaud-sylla.com\",\"https:\/\/www.facebook.com\/arno.sylla\/\",\"https:\/\/www.linkedin.com\/in\/arnaud-sylla-78a38057\/\",\"https:\/\/x.com\/https:\/\/twitter.com\/ArnoSylla\"]}]}<\/script>\n<!-- \/ Yoast SEO plugin. -->","yoast_head_json":{"title":"L'association H\u00e9b\u00e9 -","robots":{"index":"index","follow":"follow","max-snippet":"max-snippet:-1","max-image-preview":"max-image-preview:large","max-video-preview":"max-video-preview:-1"},"canonical":"https:\/\/arnaud-sylla.com\/?page_id=107","og_locale":"en_US","og_type":"article","og_title":"L'association H\u00e9b\u00e9 -","og_description":"Du nom de la d\u00e9esse grecque de la jeunesse et de la vitalit\u00e9 des jeunes, H\u00e9b\u00e9 a pour objet de s\u2018interroger sur \u2013 et \u00e0 partir du \u2013 processus de l\u2018adolescence. Nous consid\u00e9rons cet \u00e2ge de la vie comme un paradigme d\u2019analyse f\u00e9cond sur les ressorts du lien social. En ce sens H\u00e9b\u00e9 s\u2019appui sur &hellip; Continue reading L&#8217;association H\u00e9b\u00e9","og_url":"https:\/\/arnaud-sylla.com\/?page_id=107","article_publisher":"https:\/\/www.facebook.com\/arno.sylla\/","article_modified_time":"2024-08-01T12:37:34+00:00","og_image":[{"url":"https:\/\/arnaud-sylla.com\/wp-content\/uploads\/2024\/08\/logo-hebe1.png","type":"","width":"","height":""}],"twitter_card":"summary_large_image","twitter_site":"@ArnoSylla","twitter_misc":{"Est. reading time":"2 minutes"},"schema":{"@context":"https:\/\/schema.org","@graph":[{"@type":"WebPage","@id":"https:\/\/arnaud-sylla.com\/?page_id=107","url":"https:\/\/arnaud-sylla.com\/?page_id=107","name":"L'association H\u00e9b\u00e9 -","isPartOf":{"@id":"https:\/\/arnaud-sylla.com\/#website"},"primaryImageOfPage":{"@id":"https:\/\/arnaud-sylla.com\/?page_id=107#primaryimage"},"image":{"@id":"https:\/\/arnaud-sylla.com\/?page_id=107#primaryimage"},"thumbnailUrl":"https:\/\/arnaud-sylla.com\/wp-content\/uploads\/2024\/08\/logo-hebe1.png","datePublished":"2022-04-01T14:32:26+00:00","dateModified":"2024-08-01T12:37:34+00:00","breadcrumb":{"@id":"https:\/\/arnaud-sylla.com\/?page_id=107#breadcrumb"},"inLanguage":"en-US","potentialAction":[{"@type":"ReadAction","target":["https:\/\/arnaud-sylla.com\/?page_id=107"]}]},{"@type":"ImageObject","inLanguage":"en-US","@id":"https:\/\/arnaud-sylla.com\/?page_id=107#primaryimage","url":"https:\/\/arnaud-sylla.com\/wp-content\/uploads\/2024\/08\/logo-hebe1.png","contentUrl":"https:\/\/arnaud-sylla.com\/wp-content\/uploads\/2024\/08\/logo-hebe1.png","width":457,"height":236},{"@type":"BreadcrumbList","@id":"https:\/\/arnaud-sylla.com\/?page_id=107#breadcrumb","itemListElement":[{"@type":"ListItem","position":1,"name":"Accueil","item":"https:\/\/arnaud-sylla.com\/"},{"@type":"ListItem","position":2,"name":"L&#8217;association H\u00e9b\u00e9"}]},{"@type":"WebSite","@id":"https:\/\/arnaud-sylla.com\/#website","url":"https:\/\/arnaud-sylla.com\/","name":"","description":"Psychologue clinicien","publisher":{"@id":"https:\/\/arnaud-sylla.com\/#\/schema\/person\/691bc7726bc49f4bc25224be6a84d77a"},"potentialAction":[{"@type":"SearchAction","target":{"@type":"EntryPoint","urlTemplate":"https:\/\/arnaud-sylla.com\/?s={search_term_string}"},"query-input":{"@type":"PropertyValueSpecification","valueRequired":true,"valueName":"search_term_string"}}],"inLanguage":"en-US"},{"@type":["Person","Organization"],"@id":"https:\/\/arnaud-sylla.com\/#\/schema\/person\/691bc7726bc49f4bc25224be6a84d77a","name":"Arnaud Sylla","image":{"@type":"ImageObject","inLanguage":"en-US","@id":"https:\/\/arnaud-sylla.com\/#\/schema\/person\/image\/","url":"https:\/\/arnaud-sylla.com\/wp-content\/uploads\/2022\/04\/a-sylla.png","contentUrl":"https:\/\/arnaud-sylla.com\/wp-content\/uploads\/2022\/04\/a-sylla.png","width":898,"height":441,"caption":"Arnaud Sylla"},"logo":{"@id":"https:\/\/arnaud-sylla.com\/#\/schema\/person\/image\/"},"sameAs":["http:\/\/www.arnaud-sylla.com","https:\/\/www.facebook.com\/arno.sylla\/","https:\/\/www.linkedin.com\/in\/arnaud-sylla-78a38057\/","https:\/\/x.com\/https:\/\/twitter.com\/ArnoSylla"]}]}},"_links":{"self":[{"href":"https:\/\/arnaud-sylla.com\/index.php?rest_route=\/wp\/v2\/pages\/107","targetHints":{"allow":["GET"]}}],"collection":[{"href":"https:\/\/arnaud-sylla.com\/index.php?rest_route=\/wp\/v2\/pages"}],"about":[{"href":"https:\/\/arnaud-sylla.com\/index.php?rest_route=\/wp\/v2\/types\/page"}],"author":[{"embeddable":true,"href":"https:\/\/arnaud-sylla.com\/index.php?rest_route=\/wp\/v2\/users\/2"}],"replies":[{"embeddable":true,"href":"https:\/\/arnaud-sylla.com\/index.php?rest_route=%2Fwp%2Fv2%2Fcomments&post=107"}],"version-history":[{"count":16,"href":"https:\/\/arnaud-sylla.com\/index.php?rest_route=\/wp\/v2\/pages\/107\/revisions"}],"predecessor-version":[{"id":369,"href":"https:\/\/arnaud-sylla.com\/index.php?rest_route=\/wp\/v2\/pages\/107\/revisions\/369"}],"wp:attachment":[{"href":"https:\/\/arnaud-sylla.com\/index.php?rest_route=%2Fwp%2Fv2%2Fmedia&parent=107"}],"curies":[{"name":"wp","href":"https:\/\/api.w.org\/{rel}","templated":true}]}}