{"id":221,"date":"2022-04-17T19:16:54","date_gmt":"2022-04-17T17:16:54","guid":{"rendered":"https:\/\/arnaud-sylla.com\/?page_id=221"},"modified":"2022-04-20T10:18:22","modified_gmt":"2022-04-20T08:18:22","slug":"nouvelle-revue-de-lenfance-et-de-ladolescence","status":"publish","type":"page","link":"https:\/\/arnaud-sylla.com\/?page_id=221","title":{"rendered":"Nouvelle revue de l&#8217;enfance et de l&#8217;adolescence"},"content":{"rendered":"\n<p>La nouvelle revue est un projet soutenu par <a href=\"https:\/\/association-recherche-enfance-adolescence.org\/\" target=\"_blank\" rel=\"noreferrer noopener\">l&#8217;association AREA <\/a>qui a pour but de favoriser la recherche et le partage des connaissances en sciences humaines et sociales dans une perspective clinique et interdisciplinaire dans les domaines de l\u2019enfance, de l\u2019adolescence et des familles.<\/p>\n\n\n\n<p>Edit\u00e9e chez <a href=\"https:\/\/www.editions-harmattan.fr\/index.asp?navig=catalogue&amp;obj=revue&amp;no=963\" target=\"_blank\" rel=\"noreferrer noopener\">l&#8217;Harmattan<\/a>, l&#8217;objet de la revue est de questionner la place faite \u00e0 l\u2019enfant et \u00e0 l\u2019adolescent dans le social et ses r\u00e9percussions aupr\u00e8s des jeunes et des familles ainsi que sur les paradigmes d\u2019intervention des professionnels des secteurs de l\u2019\u00e9ducation, de la pr\u00e9vention, de la protection de l\u2019enfance et du soin. Ce questionnement part d\u2019une approche psychanalytique sans exclusive et ouverte aux \u00e9clairages philosophiques, anthropologiques, juridiques, sociologiques \u00e9ducatifs, p\u00e9dagogiques, artistiques,\u2026<\/p>\n\n\n\n<p>Il s&#8217;agit \u00e9galement de soutenir ces professionnels aux prises avec les difficult\u00e9s des jeunes dans un contexte o\u00f9 les rep\u00e8res de travail sont remis en question (\u00e9valuation, normes, restrictions, judiciarisation) en leur apportant des \u00e9l\u00e9ments de r\u00e9flexion pour analyser ces changements, des pistes de travail pour montrer qu\u2019une cr\u00e9ativit\u00e9 professionnelle est possible.<\/p>\n\n\n\n<p>Nous souhaitons maintenir une interrogation sur les conditions institutionnelles et les dispositifs \u00e0 mettre en place pour que les enfants, les jeunes et les familles soient pris en compte comme interlocuteurs possibles.<\/p>\n\n\n\n<p>Nous nous employons \u00e0 analyser et diffuser les exp\u00e9rimentations int\u00e9ressantes en institution et hors institution dont certaines sont conduites par des artistes. R\u00e9fl\u00e9chir sur les effets des dispositifs et des jeux dedans-dehors concernant les institutions.<\/p>\n\n\n\n<p><strong><em>La revue comporte :<\/em><\/strong><\/p>\n\n\n\n<p>Un dossier avec des articles conformes aux exigences universitaires<\/p>\n\n\n\n<p>Des t\u00e9moignages de cr\u00e9ativit\u00e9 professionnelle dans les secteurs de l\u2019\u00e9ducation et du soin (comment trouver\/cr\u00e9er des dispositifs et des formes de travail pour accueillir et \u00e9laborer les troubles), t\u00e9moignages venant des professionnels comme des jeunes et des familles.<\/p>\n\n\n\n<p>Une rubrique internationale<\/p>\n\n\n\n<p>Une rubrique compte rendu de livres, de films, de jeux vid\u00e9o.<\/p>\n\n\n\n<p><a href=\"https:\/\/www.facebook.com\/NouvelleRevueEnfanceAdolescence\/?ref=py_c\" target=\"_blank\" rel=\"noreferrer noopener\">Vous pouvez nous suivre sur Facebook.<\/a><\/p>\n","protected":false},"excerpt":{"rendered":"<p>La nouvelle revue est un projet soutenu par l&#8217;association AREA qui a pour but de favoriser la recherche et le partage des connaissances en sciences humaines et sociales dans une perspective clinique et interdisciplinaire dans les domaines de l\u2019enfance, de l\u2019adolescence et des familles. Edit\u00e9e chez l&#8217;Harmattan, l&#8217;objet de la revue est de questionner la &hellip; <a href=\"https:\/\/arnaud-sylla.com\/?page_id=221\" class=\"more-link\">Continue reading <span class=\"screen-reader-text\">Nouvelle revue de l&#8217;enfance et de l&#8217;adolescence<\/span><\/a><\/p>\n","protected":false},"author":2,"featured_media":0,"parent":0,"menu_order":0,"comment_status":"closed","ping_status":"closed","template":"","meta":{"footnotes":""},"class_list":["post-221","page","type-page","status-publish","hentry"],"yoast_head":"<!-- This site is optimized with the Yoast SEO plugin v26.2 - https:\/\/yoast.com\/wordpress\/plugins\/seo\/ -->\n<title>Nouvelle revue de l&#039;enfance et de l&#039;adolescence -<\/title>\n<meta name=\"description\" content=\"Revue de recherche clinique en sciences humaines et sociales dans une perspective clinique et interdisciplinaire dans les domaines de l\u2019enfance, de l\u2019adolescence et des familles.\" \/>\n<meta name=\"robots\" content=\"index, follow, max-snippet:-1, max-image-preview:large, max-video-preview:-1\" \/>\n<link rel=\"canonical\" href=\"https:\/\/arnaud-sylla.com\/?page_id=221\" \/>\n<meta property=\"og:locale\" content=\"en_US\" \/>\n<meta property=\"og:type\" content=\"article\" \/>\n<meta property=\"og:title\" content=\"Nouvelle revue de l&#039;enfance et de l&#039;adolescence -\" \/>\n<meta property=\"og:description\" content=\"Revue de recherche clinique en sciences humaines et sociales dans une perspective clinique et interdisciplinaire dans les domaines de l\u2019enfance, de l\u2019adolescence et des familles.\" \/>\n<meta property=\"og:url\" content=\"https:\/\/arnaud-sylla.com\/?page_id=221\" \/>\n<meta property=\"article:publisher\" content=\"https:\/\/www.facebook.com\/arno.sylla\/\" \/>\n<meta property=\"article:modified_time\" content=\"2022-04-20T08:18:22+00:00\" \/>\n<meta name=\"twitter:card\" content=\"summary_large_image\" \/>\n<meta name=\"twitter:site\" content=\"@ArnoSylla\" \/>\n<meta name=\"twitter:label1\" content=\"Est. reading time\" \/>\n\t<meta name=\"twitter:data1\" content=\"2 minutes\" \/>\n<script type=\"application\/ld+json\" class=\"yoast-schema-graph\">{\"@context\":\"https:\/\/schema.org\",\"@graph\":[{\"@type\":\"WebPage\",\"@id\":\"https:\/\/arnaud-sylla.com\/?page_id=221\",\"url\":\"https:\/\/arnaud-sylla.com\/?page_id=221\",\"name\":\"Nouvelle revue de l'enfance et de l'adolescence -\",\"isPartOf\":{\"@id\":\"https:\/\/arnaud-sylla.com\/#website\"},\"datePublished\":\"2022-04-17T17:16:54+00:00\",\"dateModified\":\"2022-04-20T08:18:22+00:00\",\"description\":\"Revue de recherche clinique en sciences humaines et sociales dans une perspective clinique et interdisciplinaire dans les domaines de l\u2019enfance, de l\u2019adolescence et des familles.\",\"breadcrumb\":{\"@id\":\"https:\/\/arnaud-sylla.com\/?page_id=221#breadcrumb\"},\"inLanguage\":\"en-US\",\"potentialAction\":[{\"@type\":\"ReadAction\",\"target\":[\"https:\/\/arnaud-sylla.com\/?page_id=221\"]}]},{\"@type\":\"BreadcrumbList\",\"@id\":\"https:\/\/arnaud-sylla.com\/?page_id=221#breadcrumb\",\"itemListElement\":[{\"@type\":\"ListItem\",\"position\":1,\"name\":\"Accueil\",\"item\":\"https:\/\/arnaud-sylla.com\/\"},{\"@type\":\"ListItem\",\"position\":2,\"name\":\"Nouvelle revue de l&rsquo;enfance et de l&rsquo;adolescence\"}]},{\"@type\":\"WebSite\",\"@id\":\"https:\/\/arnaud-sylla.com\/#website\",\"url\":\"https:\/\/arnaud-sylla.com\/\",\"name\":\"\",\"description\":\"Psychologue clinicien\",\"publisher\":{\"@id\":\"https:\/\/arnaud-sylla.com\/#\/schema\/person\/691bc7726bc49f4bc25224be6a84d77a\"},\"potentialAction\":[{\"@type\":\"SearchAction\",\"target\":{\"@type\":\"EntryPoint\",\"urlTemplate\":\"https:\/\/arnaud-sylla.com\/?s={search_term_string}\"},\"query-input\":{\"@type\":\"PropertyValueSpecification\",\"valueRequired\":true,\"valueName\":\"search_term_string\"}}],\"inLanguage\":\"en-US\"},{\"@type\":[\"Person\",\"Organization\"],\"@id\":\"https:\/\/arnaud-sylla.com\/#\/schema\/person\/691bc7726bc49f4bc25224be6a84d77a\",\"name\":\"Arnaud Sylla\",\"image\":{\"@type\":\"ImageObject\",\"inLanguage\":\"en-US\",\"@id\":\"https:\/\/arnaud-sylla.com\/#\/schema\/person\/image\/\",\"url\":\"https:\/\/arnaud-sylla.com\/wp-content\/uploads\/2022\/04\/a-sylla.png\",\"contentUrl\":\"https:\/\/arnaud-sylla.com\/wp-content\/uploads\/2022\/04\/a-sylla.png\",\"width\":898,\"height\":441,\"caption\":\"Arnaud Sylla\"},\"logo\":{\"@id\":\"https:\/\/arnaud-sylla.com\/#\/schema\/person\/image\/\"},\"sameAs\":[\"http:\/\/www.arnaud-sylla.com\",\"https:\/\/www.facebook.com\/arno.sylla\/\",\"https:\/\/www.linkedin.com\/in\/arnaud-sylla-78a38057\/\",\"https:\/\/x.com\/https:\/\/twitter.com\/ArnoSylla\"]}]}<\/script>\n<!-- \/ Yoast SEO plugin. -->","yoast_head_json":{"title":"Nouvelle revue de l'enfance et de l'adolescence -","description":"Revue de recherche clinique en sciences humaines et sociales dans une perspective clinique et interdisciplinaire dans les domaines de l\u2019enfance, de l\u2019adolescence et des familles.","robots":{"index":"index","follow":"follow","max-snippet":"max-snippet:-1","max-image-preview":"max-image-preview:large","max-video-preview":"max-video-preview:-1"},"canonical":"https:\/\/arnaud-sylla.com\/?page_id=221","og_locale":"en_US","og_type":"article","og_title":"Nouvelle revue de l'enfance et de l'adolescence -","og_description":"Revue de recherche clinique en sciences humaines et sociales dans une perspective clinique et interdisciplinaire dans les domaines de l\u2019enfance, de l\u2019adolescence et des familles.","og_url":"https:\/\/arnaud-sylla.com\/?page_id=221","article_publisher":"https:\/\/www.facebook.com\/arno.sylla\/","article_modified_time":"2022-04-20T08:18:22+00:00","twitter_card":"summary_large_image","twitter_site":"@ArnoSylla","twitter_misc":{"Est. reading time":"2 minutes"},"schema":{"@context":"https:\/\/schema.org","@graph":[{"@type":"WebPage","@id":"https:\/\/arnaud-sylla.com\/?page_id=221","url":"https:\/\/arnaud-sylla.com\/?page_id=221","name":"Nouvelle revue de l'enfance et de l'adolescence -","isPartOf":{"@id":"https:\/\/arnaud-sylla.com\/#website"},"datePublished":"2022-04-17T17:16:54+00:00","dateModified":"2022-04-20T08:18:22+00:00","description":"Revue de recherche clinique en sciences humaines et sociales dans une perspective clinique et interdisciplinaire dans les domaines de l\u2019enfance, de l\u2019adolescence et des familles.","breadcrumb":{"@id":"https:\/\/arnaud-sylla.com\/?page_id=221#breadcrumb"},"inLanguage":"en-US","potentialAction":[{"@type":"ReadAction","target":["https:\/\/arnaud-sylla.com\/?page_id=221"]}]},{"@type":"BreadcrumbList","@id":"https:\/\/arnaud-sylla.com\/?page_id=221#breadcrumb","itemListElement":[{"@type":"ListItem","position":1,"name":"Accueil","item":"https:\/\/arnaud-sylla.com\/"},{"@type":"ListItem","position":2,"name":"Nouvelle revue de l&rsquo;enfance et de l&rsquo;adolescence"}]},{"@type":"WebSite","@id":"https:\/\/arnaud-sylla.com\/#website","url":"https:\/\/arnaud-sylla.com\/","name":"","description":"Psychologue clinicien","publisher":{"@id":"https:\/\/arnaud-sylla.com\/#\/schema\/person\/691bc7726bc49f4bc25224be6a84d77a"},"potentialAction":[{"@type":"SearchAction","target":{"@type":"EntryPoint","urlTemplate":"https:\/\/arnaud-sylla.com\/?s={search_term_string}"},"query-input":{"@type":"PropertyValueSpecification","valueRequired":true,"valueName":"search_term_string"}}],"inLanguage":"en-US"},{"@type":["Person","Organization"],"@id":"https:\/\/arnaud-sylla.com\/#\/schema\/person\/691bc7726bc49f4bc25224be6a84d77a","name":"Arnaud Sylla","image":{"@type":"ImageObject","inLanguage":"en-US","@id":"https:\/\/arnaud-sylla.com\/#\/schema\/person\/image\/","url":"https:\/\/arnaud-sylla.com\/wp-content\/uploads\/2022\/04\/a-sylla.png","contentUrl":"https:\/\/arnaud-sylla.com\/wp-content\/uploads\/2022\/04\/a-sylla.png","width":898,"height":441,"caption":"Arnaud Sylla"},"logo":{"@id":"https:\/\/arnaud-sylla.com\/#\/schema\/person\/image\/"},"sameAs":["http:\/\/www.arnaud-sylla.com","https:\/\/www.facebook.com\/arno.sylla\/","https:\/\/www.linkedin.com\/in\/arnaud-sylla-78a38057\/","https:\/\/x.com\/https:\/\/twitter.com\/ArnoSylla"]}]}},"_links":{"self":[{"href":"https:\/\/arnaud-sylla.com\/index.php?rest_route=\/wp\/v2\/pages\/221","targetHints":{"allow":["GET"]}}],"collection":[{"href":"https:\/\/arnaud-sylla.com\/index.php?rest_route=\/wp\/v2\/pages"}],"about":[{"href":"https:\/\/arnaud-sylla.com\/index.php?rest_route=\/wp\/v2\/types\/page"}],"author":[{"embeddable":true,"href":"https:\/\/arnaud-sylla.com\/index.php?rest_route=\/wp\/v2\/users\/2"}],"replies":[{"embeddable":true,"href":"https:\/\/arnaud-sylla.com\/index.php?rest_route=%2Fwp%2Fv2%2Fcomments&post=221"}],"version-history":[{"count":5,"href":"https:\/\/arnaud-sylla.com\/index.php?rest_route=\/wp\/v2\/pages\/221\/revisions"}],"predecessor-version":[{"id":271,"href":"https:\/\/arnaud-sylla.com\/index.php?rest_route=\/wp\/v2\/pages\/221\/revisions\/271"}],"wp:attachment":[{"href":"https:\/\/arnaud-sylla.com\/index.php?rest_route=%2Fwp%2Fv2%2Fmedia&parent=221"}],"curies":[{"name":"wp","href":"https:\/\/api.w.org\/{rel}","templated":true}]}}