{"id":252,"date":"2022-04-20T10:23:09","date_gmt":"2022-04-20T08:23:09","guid":{"rendered":"https:\/\/arnaud-sylla.com\/?page_id=252"},"modified":"2022-04-20T10:23:09","modified_gmt":"2022-04-20T08:23:09","slug":"podcast","status":"publish","type":"page","link":"https:\/\/arnaud-sylla.com\/?page_id=252","title":{"rendered":"Podcast"},"content":{"rendered":"\n<p><\/p>\n\n\n\n<div class=\"wp-block-image\"><figure class=\"alignleft\"><img decoding=\"async\" src=\"https:\/\/www.open-asso.org\/wp-content\/uploads\/2020\/07\/causeries_sommaire.png\" alt=\"\"\/><\/figure><\/div>\n\n\n\n<p>\u00ab\u00a0Les Petites Causeries du Num\u00e9rique\u00a0\u00bb est une \u00e9mission initi\u00e9e par l\u2019OPEN pour parler de la place des \u00e9crans et du num\u00e9rique dans les familles.<\/p>\n\n\n\n<h3 class=\"wp-block-heading\"><strong>SAISON 1<\/strong><\/h3>\n\n\n\n<p>Lors de la saison 1 ,&nbsp;<strong><a href=\"https:\/\/www.open-asso.org\/a-propos\/\">Thomas Rohmer<\/a><\/strong>&nbsp;et ses invit\u00e9s abordent un th\u00e8me diff\u00e9rent et \u00e9changent leur point de vue avec les internautes.<\/p>\n\n\n\n<p>Temps d\u2019\u00e9cran, impact du jeu vid\u00e9o, cyberharc\u00e8lement, pornographie en ligne, \u2026 autant de sujets sur lesquels l\u2019OPEN vous invite \u00e0 partager et r\u00e9fl\u00e9chir pour g\u00e9rer au mieux l\u2019utilisation des \u00e9crans en famille.<\/p>\n\n\n\n<p>Vous trouverez <a href=\"https:\/\/arnaud-sylla.com\/?page_id=254\" target=\"_blank\" rel=\"noreferrer noopener\">par ici <\/a>la liste de toutes les \u00e9missions disponibles\u00a0<strong>en replay en podcast audio<\/strong>.<\/p>\n\n\n\n<p>A consommer sans aucune mod\u00e9ration bien s\u00fbr !<\/p>\n\n\n\n<p>Bonne \u00e9coute et n\u2019h\u00e9sitez pas \u00e0 nous faire part de vos id\u00e9es et suggestions d\u2019\u00e9mission via\u00a0<a href=\"mailto:causeries@open-asso.org\">causeries@open-asso.org<\/a>.<\/p>\n\n\n\n<h3 class=\"wp-block-heading\"><strong>2022 \u2013&nbsp;SAISON 2<\/strong><\/h3>\n\n\n\n<p>D\u00e9sormais retrouvez une joyeuse \u00e9quipe de psychologues et autres experts passionn\u00e9s de num\u00e9rique qui \u00e0 travers diff\u00e9rentes rubriques vous proposent conseils et \u00e9clairages pour bien vivre le num\u00e9rique en famille !<\/p>\n\n\n\n<p>Vous trouverez <a href=\"https:\/\/arnaud-sylla.com\/?page_id=263\" target=\"_blank\" rel=\"noreferrer noopener\">via ce lien<\/a> la liste de toutes les \u00e9missions disponibles\u00a0<strong>en replay en podcast audio ainsi que sur toutes les plateformes de streaming audio : Apple Podcast, Google Podcast, Spotify et Deezer.<\/strong><\/p>\n\n\n\n<p>Une id\u00e9e, une question ou un th\u00e8me que vous souhaiteriez aborder contactez-nous sur notre email via&nbsp;<a href=\"mailto:causeries@open-asso.org\">causeries@open-asso.org<\/a>.<\/p>\n","protected":false},"excerpt":{"rendered":"<p>\u00ab\u00a0Les Petites Causeries du Num\u00e9rique\u00a0\u00bb est une \u00e9mission initi\u00e9e par l\u2019OPEN pour parler de la place des \u00e9crans et du num\u00e9rique dans les familles. SAISON 1 Lors de la saison 1 ,&nbsp;Thomas Rohmer&nbsp;et ses invit\u00e9s abordent un th\u00e8me diff\u00e9rent et \u00e9changent leur point de vue avec les internautes. Temps d\u2019\u00e9cran, impact du jeu vid\u00e9o, cyberharc\u00e8lement, &hellip; <a href=\"https:\/\/arnaud-sylla.com\/?page_id=252\" class=\"more-link\">Continue reading <span class=\"screen-reader-text\">Podcast<\/span><\/a><\/p>\n","protected":false},"author":2,"featured_media":0,"parent":0,"menu_order":0,"comment_status":"closed","ping_status":"closed","template":"","meta":{"footnotes":""},"class_list":["post-252","page","type-page","status-publish","hentry"],"yoast_head":"<!-- This site is optimized with the Yoast SEO plugin v26.2 - https:\/\/yoast.com\/wordpress\/plugins\/seo\/ -->\n<title>Podcast -<\/title>\n<meta name=\"robots\" content=\"index, follow, max-snippet:-1, max-image-preview:large, max-video-preview:-1\" \/>\n<link rel=\"canonical\" href=\"https:\/\/arnaud-sylla.com\/?page_id=252\" \/>\n<meta property=\"og:locale\" content=\"en_US\" \/>\n<meta property=\"og:type\" content=\"article\" \/>\n<meta property=\"og:title\" content=\"Podcast -\" \/>\n<meta property=\"og:description\" content=\"\u00ab\u00a0Les Petites Causeries du Num\u00e9rique\u00a0\u00bb est une \u00e9mission initi\u00e9e par l\u2019OPEN pour parler de la place des \u00e9crans et du num\u00e9rique dans les familles. SAISON 1 Lors de la saison 1 ,&nbsp;Thomas Rohmer&nbsp;et ses invit\u00e9s abordent un th\u00e8me diff\u00e9rent et \u00e9changent leur point de vue avec les internautes. Temps d\u2019\u00e9cran, impact du jeu vid\u00e9o, cyberharc\u00e8lement, &hellip; Continue reading Podcast\" \/>\n<meta property=\"og:url\" content=\"https:\/\/arnaud-sylla.com\/?page_id=252\" \/>\n<meta property=\"article:publisher\" content=\"https:\/\/www.facebook.com\/arno.sylla\/\" \/>\n<meta property=\"og:image\" content=\"https:\/\/www.open-asso.org\/wp-content\/uploads\/2020\/07\/causeries_sommaire.png\" \/>\n<meta name=\"twitter:card\" content=\"summary_large_image\" \/>\n<meta name=\"twitter:site\" content=\"@ArnoSylla\" \/>\n<meta name=\"twitter:label1\" content=\"Est. reading time\" \/>\n\t<meta name=\"twitter:data1\" content=\"2 minutes\" \/>\n<script type=\"application\/ld+json\" class=\"yoast-schema-graph\">{\"@context\":\"https:\/\/schema.org\",\"@graph\":[{\"@type\":\"WebPage\",\"@id\":\"https:\/\/arnaud-sylla.com\/?page_id=252\",\"url\":\"https:\/\/arnaud-sylla.com\/?page_id=252\",\"name\":\"Podcast -\",\"isPartOf\":{\"@id\":\"https:\/\/arnaud-sylla.com\/#website\"},\"primaryImageOfPage\":{\"@id\":\"https:\/\/arnaud-sylla.com\/?page_id=252#primaryimage\"},\"image\":{\"@id\":\"https:\/\/arnaud-sylla.com\/?page_id=252#primaryimage\"},\"thumbnailUrl\":\"https:\/\/www.open-asso.org\/wp-content\/uploads\/2020\/07\/causeries_sommaire.png\",\"datePublished\":\"2022-04-20T08:23:09+00:00\",\"breadcrumb\":{\"@id\":\"https:\/\/arnaud-sylla.com\/?page_id=252#breadcrumb\"},\"inLanguage\":\"en-US\",\"potentialAction\":[{\"@type\":\"ReadAction\",\"target\":[\"https:\/\/arnaud-sylla.com\/?page_id=252\"]}]},{\"@type\":\"ImageObject\",\"inLanguage\":\"en-US\",\"@id\":\"https:\/\/arnaud-sylla.com\/?page_id=252#primaryimage\",\"url\":\"https:\/\/www.open-asso.org\/wp-content\/uploads\/2020\/07\/causeries_sommaire.png\",\"contentUrl\":\"https:\/\/www.open-asso.org\/wp-content\/uploads\/2020\/07\/causeries_sommaire.png\"},{\"@type\":\"BreadcrumbList\",\"@id\":\"https:\/\/arnaud-sylla.com\/?page_id=252#breadcrumb\",\"itemListElement\":[{\"@type\":\"ListItem\",\"position\":1,\"name\":\"Accueil\",\"item\":\"https:\/\/arnaud-sylla.com\/\"},{\"@type\":\"ListItem\",\"position\":2,\"name\":\"Podcast\"}]},{\"@type\":\"WebSite\",\"@id\":\"https:\/\/arnaud-sylla.com\/#website\",\"url\":\"https:\/\/arnaud-sylla.com\/\",\"name\":\"\",\"description\":\"Psychologue clinicien\",\"publisher\":{\"@id\":\"https:\/\/arnaud-sylla.com\/#\/schema\/person\/691bc7726bc49f4bc25224be6a84d77a\"},\"potentialAction\":[{\"@type\":\"SearchAction\",\"target\":{\"@type\":\"EntryPoint\",\"urlTemplate\":\"https:\/\/arnaud-sylla.com\/?s={search_term_string}\"},\"query-input\":{\"@type\":\"PropertyValueSpecification\",\"valueRequired\":true,\"valueName\":\"search_term_string\"}}],\"inLanguage\":\"en-US\"},{\"@type\":[\"Person\",\"Organization\"],\"@id\":\"https:\/\/arnaud-sylla.com\/#\/schema\/person\/691bc7726bc49f4bc25224be6a84d77a\",\"name\":\"Arnaud Sylla\",\"image\":{\"@type\":\"ImageObject\",\"inLanguage\":\"en-US\",\"@id\":\"https:\/\/arnaud-sylla.com\/#\/schema\/person\/image\/\",\"url\":\"https:\/\/arnaud-sylla.com\/wp-content\/uploads\/2022\/04\/a-sylla.png\",\"contentUrl\":\"https:\/\/arnaud-sylla.com\/wp-content\/uploads\/2022\/04\/a-sylla.png\",\"width\":898,\"height\":441,\"caption\":\"Arnaud Sylla\"},\"logo\":{\"@id\":\"https:\/\/arnaud-sylla.com\/#\/schema\/person\/image\/\"},\"sameAs\":[\"http:\/\/www.arnaud-sylla.com\",\"https:\/\/www.facebook.com\/arno.sylla\/\",\"https:\/\/www.linkedin.com\/in\/arnaud-sylla-78a38057\/\",\"https:\/\/x.com\/https:\/\/twitter.com\/ArnoSylla\"]}]}<\/script>\n<!-- \/ Yoast SEO plugin. -->","yoast_head_json":{"title":"Podcast -","robots":{"index":"index","follow":"follow","max-snippet":"max-snippet:-1","max-image-preview":"max-image-preview:large","max-video-preview":"max-video-preview:-1"},"canonical":"https:\/\/arnaud-sylla.com\/?page_id=252","og_locale":"en_US","og_type":"article","og_title":"Podcast -","og_description":"\u00ab\u00a0Les Petites Causeries du Num\u00e9rique\u00a0\u00bb est une \u00e9mission initi\u00e9e par l\u2019OPEN pour parler de la place des \u00e9crans et du num\u00e9rique dans les familles. SAISON 1 Lors de la saison 1 ,&nbsp;Thomas Rohmer&nbsp;et ses invit\u00e9s abordent un th\u00e8me diff\u00e9rent et \u00e9changent leur point de vue avec les internautes. Temps d\u2019\u00e9cran, impact du jeu vid\u00e9o, cyberharc\u00e8lement, &hellip; Continue reading Podcast","og_url":"https:\/\/arnaud-sylla.com\/?page_id=252","article_publisher":"https:\/\/www.facebook.com\/arno.sylla\/","og_image":[{"url":"https:\/\/www.open-asso.org\/wp-content\/uploads\/2020\/07\/causeries_sommaire.png","type":"","width":"","height":""}],"twitter_card":"summary_large_image","twitter_site":"@ArnoSylla","twitter_misc":{"Est. reading time":"2 minutes"},"schema":{"@context":"https:\/\/schema.org","@graph":[{"@type":"WebPage","@id":"https:\/\/arnaud-sylla.com\/?page_id=252","url":"https:\/\/arnaud-sylla.com\/?page_id=252","name":"Podcast -","isPartOf":{"@id":"https:\/\/arnaud-sylla.com\/#website"},"primaryImageOfPage":{"@id":"https:\/\/arnaud-sylla.com\/?page_id=252#primaryimage"},"image":{"@id":"https:\/\/arnaud-sylla.com\/?page_id=252#primaryimage"},"thumbnailUrl":"https:\/\/www.open-asso.org\/wp-content\/uploads\/2020\/07\/causeries_sommaire.png","datePublished":"2022-04-20T08:23:09+00:00","breadcrumb":{"@id":"https:\/\/arnaud-sylla.com\/?page_id=252#breadcrumb"},"inLanguage":"en-US","potentialAction":[{"@type":"ReadAction","target":["https:\/\/arnaud-sylla.com\/?page_id=252"]}]},{"@type":"ImageObject","inLanguage":"en-US","@id":"https:\/\/arnaud-sylla.com\/?page_id=252#primaryimage","url":"https:\/\/www.open-asso.org\/wp-content\/uploads\/2020\/07\/causeries_sommaire.png","contentUrl":"https:\/\/www.open-asso.org\/wp-content\/uploads\/2020\/07\/causeries_sommaire.png"},{"@type":"BreadcrumbList","@id":"https:\/\/arnaud-sylla.com\/?page_id=252#breadcrumb","itemListElement":[{"@type":"ListItem","position":1,"name":"Accueil","item":"https:\/\/arnaud-sylla.com\/"},{"@type":"ListItem","position":2,"name":"Podcast"}]},{"@type":"WebSite","@id":"https:\/\/arnaud-sylla.com\/#website","url":"https:\/\/arnaud-sylla.com\/","name":"","description":"Psychologue clinicien","publisher":{"@id":"https:\/\/arnaud-sylla.com\/#\/schema\/person\/691bc7726bc49f4bc25224be6a84d77a"},"potentialAction":[{"@type":"SearchAction","target":{"@type":"EntryPoint","urlTemplate":"https:\/\/arnaud-sylla.com\/?s={search_term_string}"},"query-input":{"@type":"PropertyValueSpecification","valueRequired":true,"valueName":"search_term_string"}}],"inLanguage":"en-US"},{"@type":["Person","Organization"],"@id":"https:\/\/arnaud-sylla.com\/#\/schema\/person\/691bc7726bc49f4bc25224be6a84d77a","name":"Arnaud Sylla","image":{"@type":"ImageObject","inLanguage":"en-US","@id":"https:\/\/arnaud-sylla.com\/#\/schema\/person\/image\/","url":"https:\/\/arnaud-sylla.com\/wp-content\/uploads\/2022\/04\/a-sylla.png","contentUrl":"https:\/\/arnaud-sylla.com\/wp-content\/uploads\/2022\/04\/a-sylla.png","width":898,"height":441,"caption":"Arnaud Sylla"},"logo":{"@id":"https:\/\/arnaud-sylla.com\/#\/schema\/person\/image\/"},"sameAs":["http:\/\/www.arnaud-sylla.com","https:\/\/www.facebook.com\/arno.sylla\/","https:\/\/www.linkedin.com\/in\/arnaud-sylla-78a38057\/","https:\/\/x.com\/https:\/\/twitter.com\/ArnoSylla"]}]}},"_links":{"self":[{"href":"https:\/\/arnaud-sylla.com\/index.php?rest_route=\/wp\/v2\/pages\/252","targetHints":{"allow":["GET"]}}],"collection":[{"href":"https:\/\/arnaud-sylla.com\/index.php?rest_route=\/wp\/v2\/pages"}],"about":[{"href":"https:\/\/arnaud-sylla.com\/index.php?rest_route=\/wp\/v2\/types\/page"}],"author":[{"embeddable":true,"href":"https:\/\/arnaud-sylla.com\/index.php?rest_route=\/wp\/v2\/users\/2"}],"replies":[{"embeddable":true,"href":"https:\/\/arnaud-sylla.com\/index.php?rest_route=%2Fwp%2Fv2%2Fcomments&post=252"}],"version-history":[{"count":2,"href":"https:\/\/arnaud-sylla.com\/index.php?rest_route=\/wp\/v2\/pages\/252\/revisions"}],"predecessor-version":[{"id":272,"href":"https:\/\/arnaud-sylla.com\/index.php?rest_route=\/wp\/v2\/pages\/252\/revisions\/272"}],"wp:attachment":[{"href":"https:\/\/arnaud-sylla.com\/index.php?rest_route=%2Fwp%2Fv2%2Fmedia&parent=252"}],"curies":[{"name":"wp","href":"https:\/\/api.w.org\/{rel}","templated":true}]}}