{"id":254,"date":"2022-04-20T10:23:35","date_gmt":"2022-04-20T08:23:35","guid":{"rendered":"https:\/\/arnaud-sylla.com\/?page_id=254"},"modified":"2022-04-20T10:23:36","modified_gmt":"2022-04-20T08:23:36","slug":"les-petites-causeries-du-numerique-saison-1","status":"publish","type":"page","link":"https:\/\/arnaud-sylla.com\/?page_id=254","title":{"rendered":"Les petites causeries du num\u00e9rique Saison 1"},"content":{"rendered":"\n<p>Lors de la saison 1 ,&nbsp;<strong><a href=\"https:\/\/www.open-asso.org\/a-propos\/\" target=\"_blank\" rel=\"noreferrer noopener\">Thomas Rohmer<\/a><\/strong>&nbsp;et ses invit\u00e9s abordent un th\u00e8me diff\u00e9rent et \u00e9changent leur point de vue avec les internautes.<\/p>\n\n\n\n<p>Temps d\u2019\u00e9cran, impact du jeu vid\u00e9o, cyberharc\u00e8lement, pornographie en ligne, \u2026 autant de sujets sur lesquels l\u2019OPEN vous invite \u00e0 partager et r\u00e9fl\u00e9chir pour g\u00e9rer au mieux l\u2019utilisation des \u00e9crans en famille.<\/p>\n\n\n\n<p>Vous trouverez ci-dessous la liste de toutes les \u00e9missions disponibles&nbsp;<strong>en replay en podcast audio<\/strong>.<\/p>\n\n\n\n<p>A consommer sans aucune mod\u00e9ration bien s\u00fbr !<\/p>\n\n\n\n<p>Bonne \u00e9coute et n\u2019h\u00e9sitez pas \u00e0 nous faire part de vos id\u00e9es et suggestions d\u2019\u00e9mission via&nbsp;<a href=\"mailto:causeries@open-asso.org\" target=\"_blank\" rel=\"noreferrer noopener\">causeries@open-asso.org<\/a>.<\/p>\n\n\n\n<figure class=\"wp-block-image\"><a href=\"https:\/\/www.open-asso.org\/parentalite\/2020\/07\/parents-jeunes-enfants-ecrans-comment-gerer\/\" target=\"_blank\" rel=\"noopener\"><img decoding=\"async\" src=\"https:\/\/www.open-asso.org\/wp-content\/uploads\/2020\/07\/causeries_PCN1.png\" alt=\"\"\/><\/a><\/figure>\n\n\n\n<h4 class=\"wp-block-heading\"><strong><a href=\"https:\/\/www.open-asso.org\/parentalite\/2020\/07\/parents-jeunes-enfants-ecrans-comment-gerer\/\" target=\"_blank\" rel=\"noreferrer noopener\">EPISODE 01<\/a>&nbsp; Parents, jeunes enfants et \u00e9crans, comment g\u00e9rer ?!<\/strong><\/h4>\n\n\n\n<div class=\"wp-block-image\"><figure class=\"alignleft\"><img decoding=\"async\" src=\"https:\/\/www.asso-hebe.fr\/wp-content\/uploads\/2021\/02\/fleche1.png\" alt=\"L\u2019attribut alt de cette image est vide, son nom de fichier est fleche1.png.\"\/><\/figure><\/div>\n\n\n\n<p>avec&nbsp;<strong>Olivier DURIS<\/strong>, psychologue clinicien et membre de l\u2019association 3-6-9-12<\/p>\n\n\n\n<figure class=\"wp-block-image\"><a href=\"https:\/\/www.open-asso.org\/parentalite\/2020\/04\/enfants-jeux-video-et-confinement\/\" target=\"_blank\" rel=\"noopener\"><img decoding=\"async\" src=\"https:\/\/www.open-asso.org\/wp-content\/uploads\/2020\/04\/causeries_num_live_facebppk-1.png\" alt=\"\"\/><\/a><\/figure>\n\n\n\n<h4 class=\"wp-block-heading\"><strong><a href=\"https:\/\/www.open-asso.org\/parentalite\/2020\/04\/enfants-jeux-video-et-confinement\/\" target=\"_blank\" rel=\"noreferrer noopener\">EPISODE&nbsp; 02<\/a><\/strong>&nbsp;&nbsp;<strong>Enfants jeux vid\u00e9o et confinement&nbsp;<\/strong><\/h4>\n\n\n\n<div class=\"wp-block-image\"><figure class=\"alignleft\"><img decoding=\"async\" src=\"https:\/\/www.asso-hebe.fr\/wp-content\/uploads\/2021\/02\/fleche1.png\" alt=\"L\u2019attribut alt de cette image est vide, son nom de fichier est fleche1.png.\"\/><\/figure><\/div>\n\n\n\n<p>avec <strong>Olivier GERARD<\/strong>,&nbsp;responsable de P\u00e9dagojeux.fr et&nbsp;<strong>Bruno ROCHER<\/strong>&nbsp;psychiatre sp\u00e9cialis\u00e9 en addictologie<\/p>\n\n\n\n<figure class=\"wp-block-image\"><a href=\"https:\/\/www.open-asso.org\/actualite\/2020\/04\/a-laide-mon-enfant-est-sur-les-reseaux-sociaux\/\" target=\"_blank\" rel=\"noopener\"><img decoding=\"async\" src=\"https:\/\/www.open-asso.org\/wp-content\/uploads\/2020\/07\/causeries_num_live3_facebook.png\" alt=\"\"\/><\/a><\/figure>\n\n\n\n<h4 class=\"wp-block-heading\"><strong><a href=\"https:\/\/www.open-asso.org\/actualite\/2020\/04\/a-laide-mon-enfant-est-sur-les-reseaux-sociaux\/\" target=\"_blank\" rel=\"noreferrer noopener\">EPISODE 03<\/a>&nbsp; A l\u2019aide mon enfant est sur les r\u00e9seaux sociaux, je fais quoi ?<\/strong><\/h4>\n\n\n\n<div class=\"wp-block-image\"><figure class=\"alignleft\"><img decoding=\"async\" src=\"https:\/\/www.asso-hebe.fr\/wp-content\/uploads\/2021\/02\/fleche1.png\" alt=\"L\u2019attribut alt de cette image est vide, son nom de fichier est fleche1.png.\"\/><\/figure><\/div>\n\n\n\n<p>avec <strong>Marion HAZA<\/strong>,&nbsp;psychologue clinicienne<\/p>\n\n\n\n<figure class=\"wp-block-image\"><a href=\"https:\/\/www.open-asso.org\/parentalite\/ages\/2020\/05\/danger-overdose-decrans-enfants-confinement\/\" target=\"_blank\" rel=\"noopener\"><img decoding=\"async\" src=\"https:\/\/www.open-asso.org\/wp-content\/uploads\/2020\/07\/causeries_num_live4youtube_facebook.png\" alt=\"\"\/><\/a><\/figure>\n\n\n\n<h4 class=\"wp-block-heading\"><strong><a href=\"https:\/\/www.open-asso.org\/parentalite\/ages\/2020\/05\/danger-overdose-decrans-enfants-confinement\/\" target=\"_blank\" rel=\"noreferrer noopener\">EPISODE 04<\/a>&nbsp;&nbsp;Overdose d\u2019\u00e9crans depuis un mois, nos enfants sont-ils en danger ?<\/strong><\/h4>\n\n\n\n<div class=\"wp-block-image\"><figure class=\"alignleft\"><img decoding=\"async\" src=\"https:\/\/www.asso-hebe.fr\/wp-content\/uploads\/2021\/02\/fleche1.png\" alt=\"L\u2019attribut alt de cette image est vide, son nom de fichier est fleche1.png.\"\/><\/figure><\/div>\n\n\n\n<p>avec <strong>Arnaud SYLLA<\/strong>,&nbsp;psychologue clinicien membre du centre ORESTE et de&nbsp;<a href=\"https:\/\/www.asso-hebe.fr\/\" target=\"_blank\" rel=\"noreferrer noopener\">l\u2019association H\u00e9b\u00e9<\/a><\/p>\n\n\n\n<figure class=\"wp-block-image is-resized\"><a href=\"https:\/\/www.open-asso.org\/parentalite\/2020\/05\/sos-mon-enfant-est-tombe-sur-du-porno-en-ligne\/\" target=\"_blank\" rel=\"noopener\"><img fetchpriority=\"high\" decoding=\"async\" src=\"https:\/\/www.open-asso.org\/wp-content\/uploads\/2020\/07\/relance-episode5-facebook.png\" alt=\"\" width=\"695\" height=\"365\"\/><\/a><\/figure>\n\n\n\n<h4 class=\"wp-block-heading\"><strong><a href=\"https:\/\/www.open-asso.org\/parentalite\/2020\/05\/sos-mon-enfant-est-tombe-sur-du-porno-en-ligne\/\" target=\"_blank\" rel=\"noreferrer noopener\">EPISODE 05<\/a>&nbsp;&nbsp;SOS, mon enfant est tomb\u00e9 sur du porno en ligne, je fais quoi&nbsp;?<\/strong><\/h4>\n\n\n\n<div class=\"wp-block-image\"><figure class=\"alignleft\"><img decoding=\"async\" src=\"https:\/\/www.asso-hebe.fr\/wp-content\/uploads\/2021\/02\/fleche1.png\" alt=\"L\u2019attribut alt de cette image est vide, son nom de fichier est fleche1.png.\"\/><\/figure><\/div>\n\n\n\n<p>avec <strong>C\u00e9line TRAN<\/strong>, coach bien-\u00eatre et sexualit\u00e9, et&nbsp;<strong>Claude GIORDANELLA<\/strong>, sexologue de l\u2019association Charonne<\/p>\n\n\n\n<figure class=\"wp-block-image\"><a href=\"https:\/\/www.open-asso.org\/actualite\/2020\/06\/jeux-video-violent-enfant-violent\/\" target=\"_blank\" rel=\"noopener\"><img decoding=\"async\" src=\"https:\/\/www.open-asso.org\/wp-content\/uploads\/2020\/07\/causeries_num_live6v2_facebook.png\" alt=\"\"\/><\/a><\/figure>\n\n\n\n<h4 class=\"wp-block-heading\"><strong><a href=\"https:\/\/www.open-asso.org\/actualite\/2020\/06\/jeux-video-violent-enfant-violent\/\">EPISODE 06&nbsp;<\/a>&nbsp; Jeux vid\u00e9o violents = enfants violents ?<\/strong><\/h4>\n\n\n\n<div class=\"wp-block-image\"><figure class=\"alignleft\"><img decoding=\"async\" src=\"https:\/\/www.asso-hebe.fr\/wp-content\/uploads\/2021\/02\/fleche1.png\" alt=\"L\u2019attribut alt de cette image est vide, son nom de fichier est fleche1.png.\"\/><\/figure><\/div>\n\n\n\n<p>avec <strong>Milan HUNG<\/strong>, psychologue clinicien et du jeu vid\u00e9o<\/p>\n\n\n\n<figure class=\"wp-block-image\"><a href=\"https:\/\/www.open-asso.org\/parentalite\/2020\/05\/deconfinement-ado-tel-portable\/\" target=\"_blank\" rel=\"noopener\"><img decoding=\"async\" src=\"https:\/\/www.open-asso.org\/wp-content\/uploads\/2020\/07\/causeries_num_live7_twitter.png\" alt=\"\"\/><\/a><\/figure>\n\n\n\n<h4 class=\"wp-block-heading\"><strong><a href=\"https:\/\/www.open-asso.org\/parentalite\/2020\/05\/deconfinement-ado-tel-portable\/\" target=\"_blank\" rel=\"noreferrer noopener\">EPISODE 07&nbsp;<\/a>&nbsp;&nbsp;D\u00e9confinement mon ado et son portable sont devenus ins\u00e9parables\u2026&nbsp;<\/strong><\/h4>\n\n\n\n<div class=\"wp-block-image\"><figure class=\"alignleft\"><img decoding=\"async\" src=\"https:\/\/www.asso-hebe.fr\/wp-content\/uploads\/2021\/02\/fleche1.png\" alt=\"L\u2019attribut alt de cette image est vide, son nom de fichier est fleche1.png.\"\/><\/figure><\/div>\n\n\n\n<p>avec <strong>Fran\u00e7ois-Marie CARON<\/strong>, p\u00e9diatre et ancien pr\u00e9sident de l\u2019AFPA, et&nbsp;<strong>Elodie GENTINA<\/strong>, sp\u00e9cialiste de la g\u00e9n\u00e9ration Z et enseignante chercheuse \u00e0 l\u2019IESEG \u2013 School of Management<\/p>\n\n\n\n<figure class=\"wp-block-image\"><a href=\"https:\/\/www.open-asso.org\/parentalite\/2020\/06\/fake-news-theories-du-complot-responsabilite\/\" target=\"_blank\" rel=\"noopener\"><img decoding=\"async\" src=\"https:\/\/www.open-asso.org\/wp-content\/uploads\/2020\/07\/causeries_num_live8_facebook.png\" alt=\"\"\/><\/a><\/figure>\n\n\n\n<h4 class=\"wp-block-heading\"><strong><a href=\"https:\/\/www.open-asso.org\/parentalite\/2020\/06\/fake-news-theories-du-complot-responsabilite\/\" target=\"_blank\" rel=\"noreferrer noopener\">EPISODE 08&nbsp;<\/a>&nbsp;&nbsp;Fake news&nbsp;&amp; th\u00e9ories du complot : tous responsables ?&nbsp;<\/strong><\/h4>\n\n\n\n<div class=\"wp-block-image\"><figure class=\"alignleft\"><img decoding=\"async\" src=\"https:\/\/www.asso-hebe.fr\/wp-content\/uploads\/2021\/02\/fleche1.png\" alt=\"L\u2019attribut alt de cette image est vide, son nom de fichier est fleche1.png.\"\/><\/figure><\/div>\n\n\n\n<p>avec <strong>Vincent BERNARD<\/strong>, m\u00e9diateur num\u00e9rique et formateur et&nbsp;<strong>Laura TAIONI<\/strong>, journaliste intervenante en \u00e9ducation aux m\u00e9dias aupr\u00e8s des coll\u00e9giens<\/p>\n\n\n\n<figure class=\"wp-block-image is-style-default\"><a href=\"https:\/\/www.open-asso.org\/parentalite\/2020\/06\/danger-defis-reseaux-sociaux-ados\/\" target=\"_blank\" rel=\"noopener\"><img decoding=\"async\" src=\"https:\/\/www.open-asso.org\/wp-content\/uploads\/2020\/07\/causeries_num_live9_facebook.png\" alt=\"\"\/><\/a><\/figure>\n\n\n\n<h4 class=\"wp-block-heading\"><strong><a href=\"https:\/\/www.open-asso.org\/parentalite\/2020\/06\/danger-defis-reseaux-sociaux-ados\/\" target=\"_blank\" rel=\"noreferrer noopener\">EPISODE 09&nbsp;<\/a>&nbsp; D\u00e9fis sur les r\u00e9seaux sociaux : les ados sont-ils en danger ?<\/strong><\/h4>\n\n\n\n<div class=\"wp-block-image\"><figure class=\"alignleft\"><img decoding=\"async\" src=\"https:\/\/www.asso-hebe.fr\/wp-content\/uploads\/2021\/02\/fleche1.png\" alt=\"L\u2019attribut alt de cette image est vide, son nom de fichier est fleche1.png.\"\/><\/figure><\/div>\n\n\n\n<p>avec &nbsp;<strong>Marion HAZA<\/strong>, psychologue clinicienne<\/p>\n\n\n\n<figure class=\"wp-block-image\"><a href=\"https:\/\/www.open-asso.org\/parentalite\/2020\/07\/radicalisation-en-ligne-tous-concernes\/\" target=\"_blank\" rel=\"noopener\"><img decoding=\"async\" src=\"https:\/\/www.open-asso.org\/wp-content\/uploads\/2020\/07\/causeries_num_live10_facebook-1-2.png\" alt=\"\"\/><\/a><\/figure>\n\n\n\n<h4 class=\"wp-block-heading\"><strong><a href=\"https:\/\/www.open-asso.org\/parentalite\/2020\/07\/radicalisation-en-ligne-tous-concernes\/\" target=\"_blank\" rel=\"noreferrer noopener\">EPISODE&nbsp;10&nbsp;<\/a>&nbsp; Radicalisation en ligne : tous concern\u00e9s ?<\/strong><\/h4>\n\n\n\n<div class=\"wp-block-image\"><figure class=\"alignleft\"><img decoding=\"async\" src=\"https:\/\/www.asso-hebe.fr\/wp-content\/uploads\/2021\/02\/fleche1.png\" alt=\"L\u2019attribut alt de cette image est vide, son nom de fichier est fleche1.png.\"\/><\/figure><\/div>\n\n\n\n<p>avec <strong>Sofiane BOUKTIT<\/strong>,&nbsp;Directeur de l\u2019Oiseau Lyre<\/p>\n\n\n\n<figure class=\"wp-block-image\"><a href=\"https:\/\/www.open-asso.org\/actualite\/2021\/01\/revenge_porn_sexting_nudes_risques_enfants\/\" target=\"_blank\" rel=\"noopener\"><img decoding=\"async\" src=\"https:\/\/www.open-asso.org\/wp-content\/uploads\/2021\/01\/causeries_num_live11_twitter-1.png\" alt=\"\"\/><\/a><\/figure>\n\n\n\n<h4 class=\"wp-block-heading\"><strong><a href=\"https:\/\/www.open-asso.org\/actualite\/2021\/01\/revenge_porn_sexting_nudes_risques_enfants\/\" target=\"_blank\" rel=\"noreferrer noopener\">EPISODE 11<\/a>&nbsp; Revenge porn, sexting, nudes, quels risques pour nos enfants ?<\/strong><\/h4>\n\n\n\n<div class=\"wp-block-image\"><figure class=\"alignleft\"><img decoding=\"async\" src=\"https:\/\/www.asso-hebe.fr\/wp-content\/uploads\/2021\/02\/fleche1.png\" alt=\"L\u2019attribut alt de cette image est vide, son nom de fichier est fleche1.png.\"\/><\/figure><\/div>\n\n\n\n<p>avec <strong>Olivier DURIS<\/strong>, psychologue<\/p>\n\n\n\n<p style=\"font-size:12px\">G\u00e9n\u00e9rique de l\u2019\u00e9mission :<\/p>\n\n\n\n<p style=\"font-size:12px\">Musique propos\u00e9e par&nbsp;&nbsp;La Musique Libre Joakim Karud \u2013 Keep On Going :&nbsp;<a href=\"https:\/\/www.youtube.com\/watch?v=lOfg0jRqaA8\">https:\/\/youtu.be\/lOfg0jRqaA8<\/a><\/p>\n\n\n\n<p style=\"font-size:12px\">Joakim Karud :&nbsp;<a href=\"https:\/\/www.youtube.com\/redirect?q=https%3A%2F%2Fsoundcloud.com%2Fjoakimkarud&amp;v=lOfg0jRqaA8&amp;event=video_description&amp;redir_token=QUFFLUhqblQ4TGJiaHVrSFAybU00U3BJRm1ZNTFEMEtFd3xBQ3Jtc0trZVgtU29XejJVNDZ3SGRrOUN0b0lFYk4wRzBKeTB3UGpuT0Z2bUZCZFhWckZrY2h6c1VFbmZFSmFJZWE0WE91c015eFI0Y1UzbUE0aUZnMVVCWWplajVWUy1pTGNMZHRPSEZaYkVQLXV2ZGt6RVJNMA%3D%3D\" target=\"_blank\" rel=\"noreferrer noopener\">https:\/\/soundcloud.com\/joakimkarud<\/a><\/p>\n","protected":false},"excerpt":{"rendered":"<p>Lors de la saison 1 ,&nbsp;Thomas Rohmer&nbsp;et ses invit\u00e9s abordent un th\u00e8me diff\u00e9rent et \u00e9changent leur point de vue avec les internautes. Temps d\u2019\u00e9cran, impact du jeu vid\u00e9o, cyberharc\u00e8lement, pornographie en ligne, \u2026 autant de sujets sur lesquels l\u2019OPEN vous invite \u00e0 partager et r\u00e9fl\u00e9chir pour g\u00e9rer au mieux l\u2019utilisation des \u00e9crans en famille. Vous &hellip; <a href=\"https:\/\/arnaud-sylla.com\/?page_id=254\" class=\"more-link\">Continue reading <span class=\"screen-reader-text\">Les petites causeries du num\u00e9rique Saison 1<\/span><\/a><\/p>\n","protected":false},"author":2,"featured_media":0,"parent":0,"menu_order":0,"comment_status":"closed","ping_status":"closed","template":"","meta":{"footnotes":""},"class_list":["post-254","page","type-page","status-publish","hentry"],"yoast_head":"<!-- This site is optimized with the Yoast SEO plugin v26.2 - https:\/\/yoast.com\/wordpress\/plugins\/seo\/ -->\n<title>Les petites causeries du num\u00e9rique Saison 1 -<\/title>\n<meta name=\"description\" content=\"Temps d\u2019\u00e9cran, impact du jeu vid\u00e9o, cyberharc\u00e8lement, pornographie en ligne, \u2026 autant de sujets sur lesquels l\u2019OPEN vous invite \u00e0 partager et r\u00e9fl\u00e9chir pour g\u00e9rer au mieux l\u2019utilisation des \u00e9crans en famille.\" \/>\n<meta name=\"robots\" content=\"index, follow, max-snippet:-1, max-image-preview:large, max-video-preview:-1\" \/>\n<link rel=\"canonical\" href=\"https:\/\/arnaud-sylla.com\/?page_id=254\" \/>\n<meta property=\"og:locale\" content=\"en_US\" \/>\n<meta property=\"og:type\" content=\"article\" \/>\n<meta property=\"og:title\" content=\"Les petites causeries du num\u00e9rique Saison 1 -\" \/>\n<meta property=\"og:description\" content=\"Temps d\u2019\u00e9cran, impact du jeu vid\u00e9o, cyberharc\u00e8lement, pornographie en ligne, \u2026 autant de sujets sur lesquels l\u2019OPEN vous invite \u00e0 partager et r\u00e9fl\u00e9chir pour g\u00e9rer au mieux l\u2019utilisation des \u00e9crans en famille.\" \/>\n<meta property=\"og:url\" content=\"https:\/\/arnaud-sylla.com\/?page_id=254\" \/>\n<meta property=\"article:publisher\" content=\"https:\/\/www.facebook.com\/arno.sylla\/\" \/>\n<meta property=\"article:modified_time\" content=\"2022-04-20T08:23:36+00:00\" \/>\n<meta property=\"og:image\" content=\"https:\/\/www.open-asso.org\/wp-content\/uploads\/2020\/07\/causeries_PCN1.png\" \/>\n<meta name=\"twitter:card\" content=\"summary_large_image\" \/>\n<meta name=\"twitter:site\" content=\"@ArnoSylla\" \/>\n<meta name=\"twitter:label1\" content=\"Est. reading time\" \/>\n\t<meta name=\"twitter:data1\" content=\"7 minutes\" \/>\n<script type=\"application\/ld+json\" class=\"yoast-schema-graph\">{\"@context\":\"https:\/\/schema.org\",\"@graph\":[{\"@type\":\"WebPage\",\"@id\":\"https:\/\/arnaud-sylla.com\/?page_id=254\",\"url\":\"https:\/\/arnaud-sylla.com\/?page_id=254\",\"name\":\"Les petites causeries du num\u00e9rique Saison 1 -\",\"isPartOf\":{\"@id\":\"https:\/\/arnaud-sylla.com\/#website\"},\"primaryImageOfPage\":{\"@id\":\"https:\/\/arnaud-sylla.com\/?page_id=254#primaryimage\"},\"image\":{\"@id\":\"https:\/\/arnaud-sylla.com\/?page_id=254#primaryimage\"},\"thumbnailUrl\":\"https:\/\/www.open-asso.org\/wp-content\/uploads\/2020\/07\/causeries_PCN1.png\",\"datePublished\":\"2022-04-20T08:23:35+00:00\",\"dateModified\":\"2022-04-20T08:23:36+00:00\",\"description\":\"Temps d\u2019\u00e9cran, impact du jeu vid\u00e9o, cyberharc\u00e8lement, pornographie en ligne, \u2026 autant de sujets sur lesquels l\u2019OPEN vous invite \u00e0 partager et r\u00e9fl\u00e9chir pour g\u00e9rer au mieux l\u2019utilisation des \u00e9crans en famille.\",\"breadcrumb\":{\"@id\":\"https:\/\/arnaud-sylla.com\/?page_id=254#breadcrumb\"},\"inLanguage\":\"en-US\",\"potentialAction\":[{\"@type\":\"ReadAction\",\"target\":[\"https:\/\/arnaud-sylla.com\/?page_id=254\"]}]},{\"@type\":\"ImageObject\",\"inLanguage\":\"en-US\",\"@id\":\"https:\/\/arnaud-sylla.com\/?page_id=254#primaryimage\",\"url\":\"https:\/\/www.open-asso.org\/wp-content\/uploads\/2020\/07\/causeries_PCN1.png\",\"contentUrl\":\"https:\/\/www.open-asso.org\/wp-content\/uploads\/2020\/07\/causeries_PCN1.png\"},{\"@type\":\"BreadcrumbList\",\"@id\":\"https:\/\/arnaud-sylla.com\/?page_id=254#breadcrumb\",\"itemListElement\":[{\"@type\":\"ListItem\",\"position\":1,\"name\":\"Accueil\",\"item\":\"https:\/\/arnaud-sylla.com\/\"},{\"@type\":\"ListItem\",\"position\":2,\"name\":\"Les petites causeries du num\u00e9rique Saison 1\"}]},{\"@type\":\"WebSite\",\"@id\":\"https:\/\/arnaud-sylla.com\/#website\",\"url\":\"https:\/\/arnaud-sylla.com\/\",\"name\":\"\",\"description\":\"Psychologue clinicien\",\"publisher\":{\"@id\":\"https:\/\/arnaud-sylla.com\/#\/schema\/person\/691bc7726bc49f4bc25224be6a84d77a\"},\"potentialAction\":[{\"@type\":\"SearchAction\",\"target\":{\"@type\":\"EntryPoint\",\"urlTemplate\":\"https:\/\/arnaud-sylla.com\/?s={search_term_string}\"},\"query-input\":{\"@type\":\"PropertyValueSpecification\",\"valueRequired\":true,\"valueName\":\"search_term_string\"}}],\"inLanguage\":\"en-US\"},{\"@type\":[\"Person\",\"Organization\"],\"@id\":\"https:\/\/arnaud-sylla.com\/#\/schema\/person\/691bc7726bc49f4bc25224be6a84d77a\",\"name\":\"Arnaud Sylla\",\"image\":{\"@type\":\"ImageObject\",\"inLanguage\":\"en-US\",\"@id\":\"https:\/\/arnaud-sylla.com\/#\/schema\/person\/image\/\",\"url\":\"https:\/\/arnaud-sylla.com\/wp-content\/uploads\/2022\/04\/a-sylla.png\",\"contentUrl\":\"https:\/\/arnaud-sylla.com\/wp-content\/uploads\/2022\/04\/a-sylla.png\",\"width\":898,\"height\":441,\"caption\":\"Arnaud Sylla\"},\"logo\":{\"@id\":\"https:\/\/arnaud-sylla.com\/#\/schema\/person\/image\/\"},\"sameAs\":[\"http:\/\/www.arnaud-sylla.com\",\"https:\/\/www.facebook.com\/arno.sylla\/\",\"https:\/\/www.linkedin.com\/in\/arnaud-sylla-78a38057\/\",\"https:\/\/x.com\/https:\/\/twitter.com\/ArnoSylla\"]}]}<\/script>\n<!-- \/ Yoast SEO plugin. -->","yoast_head_json":{"title":"Les petites causeries du num\u00e9rique Saison 1 -","description":"Temps d\u2019\u00e9cran, impact du jeu vid\u00e9o, cyberharc\u00e8lement, pornographie en ligne, \u2026 autant de sujets sur lesquels l\u2019OPEN vous invite \u00e0 partager et r\u00e9fl\u00e9chir pour g\u00e9rer au mieux l\u2019utilisation des \u00e9crans en famille.","robots":{"index":"index","follow":"follow","max-snippet":"max-snippet:-1","max-image-preview":"max-image-preview:large","max-video-preview":"max-video-preview:-1"},"canonical":"https:\/\/arnaud-sylla.com\/?page_id=254","og_locale":"en_US","og_type":"article","og_title":"Les petites causeries du num\u00e9rique Saison 1 -","og_description":"Temps d\u2019\u00e9cran, impact du jeu vid\u00e9o, cyberharc\u00e8lement, pornographie en ligne, \u2026 autant de sujets sur lesquels l\u2019OPEN vous invite \u00e0 partager et r\u00e9fl\u00e9chir pour g\u00e9rer au mieux l\u2019utilisation des \u00e9crans en famille.","og_url":"https:\/\/arnaud-sylla.com\/?page_id=254","article_publisher":"https:\/\/www.facebook.com\/arno.sylla\/","article_modified_time":"2022-04-20T08:23:36+00:00","og_image":[{"url":"https:\/\/www.open-asso.org\/wp-content\/uploads\/2020\/07\/causeries_PCN1.png","type":"","width":"","height":""}],"twitter_card":"summary_large_image","twitter_site":"@ArnoSylla","twitter_misc":{"Est. reading time":"7 minutes"},"schema":{"@context":"https:\/\/schema.org","@graph":[{"@type":"WebPage","@id":"https:\/\/arnaud-sylla.com\/?page_id=254","url":"https:\/\/arnaud-sylla.com\/?page_id=254","name":"Les petites causeries du num\u00e9rique Saison 1 -","isPartOf":{"@id":"https:\/\/arnaud-sylla.com\/#website"},"primaryImageOfPage":{"@id":"https:\/\/arnaud-sylla.com\/?page_id=254#primaryimage"},"image":{"@id":"https:\/\/arnaud-sylla.com\/?page_id=254#primaryimage"},"thumbnailUrl":"https:\/\/www.open-asso.org\/wp-content\/uploads\/2020\/07\/causeries_PCN1.png","datePublished":"2022-04-20T08:23:35+00:00","dateModified":"2022-04-20T08:23:36+00:00","description":"Temps d\u2019\u00e9cran, impact du jeu vid\u00e9o, cyberharc\u00e8lement, pornographie en ligne, \u2026 autant de sujets sur lesquels l\u2019OPEN vous invite \u00e0 partager et r\u00e9fl\u00e9chir pour g\u00e9rer au mieux l\u2019utilisation des \u00e9crans en famille.","breadcrumb":{"@id":"https:\/\/arnaud-sylla.com\/?page_id=254#breadcrumb"},"inLanguage":"en-US","potentialAction":[{"@type":"ReadAction","target":["https:\/\/arnaud-sylla.com\/?page_id=254"]}]},{"@type":"ImageObject","inLanguage":"en-US","@id":"https:\/\/arnaud-sylla.com\/?page_id=254#primaryimage","url":"https:\/\/www.open-asso.org\/wp-content\/uploads\/2020\/07\/causeries_PCN1.png","contentUrl":"https:\/\/www.open-asso.org\/wp-content\/uploads\/2020\/07\/causeries_PCN1.png"},{"@type":"BreadcrumbList","@id":"https:\/\/arnaud-sylla.com\/?page_id=254#breadcrumb","itemListElement":[{"@type":"ListItem","position":1,"name":"Accueil","item":"https:\/\/arnaud-sylla.com\/"},{"@type":"ListItem","position":2,"name":"Les petites causeries du num\u00e9rique Saison 1"}]},{"@type":"WebSite","@id":"https:\/\/arnaud-sylla.com\/#website","url":"https:\/\/arnaud-sylla.com\/","name":"","description":"Psychologue clinicien","publisher":{"@id":"https:\/\/arnaud-sylla.com\/#\/schema\/person\/691bc7726bc49f4bc25224be6a84d77a"},"potentialAction":[{"@type":"SearchAction","target":{"@type":"EntryPoint","urlTemplate":"https:\/\/arnaud-sylla.com\/?s={search_term_string}"},"query-input":{"@type":"PropertyValueSpecification","valueRequired":true,"valueName":"search_term_string"}}],"inLanguage":"en-US"},{"@type":["Person","Organization"],"@id":"https:\/\/arnaud-sylla.com\/#\/schema\/person\/691bc7726bc49f4bc25224be6a84d77a","name":"Arnaud Sylla","image":{"@type":"ImageObject","inLanguage":"en-US","@id":"https:\/\/arnaud-sylla.com\/#\/schema\/person\/image\/","url":"https:\/\/arnaud-sylla.com\/wp-content\/uploads\/2022\/04\/a-sylla.png","contentUrl":"https:\/\/arnaud-sylla.com\/wp-content\/uploads\/2022\/04\/a-sylla.png","width":898,"height":441,"caption":"Arnaud Sylla"},"logo":{"@id":"https:\/\/arnaud-sylla.com\/#\/schema\/person\/image\/"},"sameAs":["http:\/\/www.arnaud-sylla.com","https:\/\/www.facebook.com\/arno.sylla\/","https:\/\/www.linkedin.com\/in\/arnaud-sylla-78a38057\/","https:\/\/x.com\/https:\/\/twitter.com\/ArnoSylla"]}]}},"_links":{"self":[{"href":"https:\/\/arnaud-sylla.com\/index.php?rest_route=\/wp\/v2\/pages\/254","targetHints":{"allow":["GET"]}}],"collection":[{"href":"https:\/\/arnaud-sylla.com\/index.php?rest_route=\/wp\/v2\/pages"}],"about":[{"href":"https:\/\/arnaud-sylla.com\/index.php?rest_route=\/wp\/v2\/types\/page"}],"author":[{"embeddable":true,"href":"https:\/\/arnaud-sylla.com\/index.php?rest_route=\/wp\/v2\/users\/2"}],"replies":[{"embeddable":true,"href":"https:\/\/arnaud-sylla.com\/index.php?rest_route=%2Fwp%2Fv2%2Fcomments&post=254"}],"version-history":[{"count":8,"href":"https:\/\/arnaud-sylla.com\/index.php?rest_route=\/wp\/v2\/pages\/254\/revisions"}],"predecessor-version":[{"id":273,"href":"https:\/\/arnaud-sylla.com\/index.php?rest_route=\/wp\/v2\/pages\/254\/revisions\/273"}],"wp:attachment":[{"href":"https:\/\/arnaud-sylla.com\/index.php?rest_route=%2Fwp%2Fv2%2Fmedia&parent=254"}],"curies":[{"name":"wp","href":"https:\/\/api.w.org\/{rel}","templated":true}]}}